{"id":20,"date":"2024-03-27T08:32:33","date_gmt":"2024-03-27T08:32:33","guid":{"rendered":"https:\/\/m-d-bau.com\/?page_id=20"},"modified":"2024-03-27T08:36:37","modified_gmt":"2024-03-27T08:36:37","slug":"startseite","status":"publish","type":"page","link":"https:\/\/m-d-bau.com\/","title":{"rendered":"Startseite"},"content":{"rendered":"\t\t<div data-elementor-type=\"wp-page\" data-elementor-id=\"20\" class=\"elementor elementor-20\">\n\t\t\t\t<div class=\"elementor-element elementor-element-c6d8679 e-flex e-con-boxed wpr-particle-no wpr-jarallax-no wpr-parallax-no wpr-sticky-section-no e-con e-parent\" data-id=\"c6d8679\" data-element_type=\"container\">\n\t\t\t\t\t<div class=\"e-con-inner\">\n\t\t<div class=\"elementor-element elementor-element-f49fcd3 e-con-full e-flex wpr-particle-no wpr-jarallax-no wpr-parallax-no wpr-sticky-section-no e-con e-child\" data-id=\"f49fcd3\" data-element_type=\"container\">\n\t\t\t\t<div class=\"elementor-element elementor-element-e4588e7 elementor-widget elementor-widget-text-editor\" data-id=\"e4588e7\" data-element_type=\"widget\" data-widget_type=\"text-editor.default\">\n\t\t\t\t<div class=\"elementor-widget-container\">\n\t\t\t\t\t\t\t<h2>Herzlich Willkommen<\/h2><h4>bei der MD-Bau GmbH<\/h4><p>Ihr Team der MD-Bau GmbH verwirklicht nicht nur Ideen, sondern setzt qualitativ hohe Ma\u00dfst\u00e4be um Ihren W\u00fcnschen gerecht zu werden.<\/p><p>Bei uns bekommen\u00a0sie alles, was Sie f\u00fcr den Innen- und Au\u00dfenbereich brauchen.\u00a0 Umfangreiches Anregungsmaterial f\u00fcr die Gestaltung des Wand-, Boden- und Treppenbereiches finden Sie in unserer gro\u00dfen Ausstellung. Ganz neu in unserem Sortiment haben wir L\u00f6sungen f\u00fcr den Sonnen- und Insektenschutz! Wir beraten Sie gern.<\/p><p>Wir w\u00fcrden uns freuen Sie bald in unseren R\u00e4umen begr\u00fc\u00dfen zu d\u00fcrfen.<\/p><h5>Ihr Team der MD-Bau GmbH<\/h5>\t\t\t\t\t\t<\/div>\n\t\t\t\t<\/div>\n\t\t\t\t<\/div>\n\t\t<div class=\"elementor-element elementor-element-f0c410f e-con-full e-flex wpr-particle-no wpr-jarallax-no wpr-parallax-no wpr-sticky-section-no e-con e-child\" data-id=\"f0c410f\" data-element_type=\"container\">\n\t\t<div class=\"elementor-element elementor-element-12dc047 e-flex e-con-boxed wpr-particle-no wpr-jarallax-no wpr-parallax-no wpr-sticky-section-no e-con e-child\" data-id=\"12dc047\" data-element_type=\"container\">\n\t\t\t\t\t<div class=\"e-con-inner\">\n\t\t\t\t<div class=\"elementor-element elementor-element-7042e35 elementor-widget elementor-widget-image\" data-id=\"7042e35\" data-element_type=\"widget\" data-widget_type=\"image.default\">\n\t\t\t\t<div class=\"elementor-widget-container\">\n\t\t\t\t\t\t\t\t\t\t\t\t\t<img fetchpriority=\"high\" decoding=\"async\" width=\"960\" height=\"404\" src=\"https:\/\/m-d-bau.com\/wp-content\/uploads\/2024\/03\/MDBAU-2023-01-1024x431.png\" class=\"attachment-large size-large wp-image-17\" alt=\"\" srcset=\"https:\/\/m-d-bau.com\/wp-content\/uploads\/2024\/03\/MDBAU-2023-01-1024x431.png 1024w, https:\/\/m-d-bau.com\/wp-content\/uploads\/2024\/03\/MDBAU-2023-01-300x126.png 300w, https:\/\/m-d-bau.com\/wp-content\/uploads\/2024\/03\/MDBAU-2023-01-768x323.png 768w, https:\/\/m-d-bau.com\/wp-content\/uploads\/2024\/03\/MDBAU-2023-01-1536x647.png 1536w, https:\/\/m-d-bau.com\/wp-content\/uploads\/2024\/03\/MDBAU-2023-01-2048x863.png 2048w, https:\/\/m-d-bau.com\/wp-content\/uploads\/2024\/03\/MDBAU-2023-01-1160x489.png 1160w\" sizes=\"(max-width: 960px) 100vw, 960px\" \/>\t\t\t\t\t\t\t\t\t\t\t\t\t<\/div>\n\t\t\t\t<\/div>\n\t\t\t\t\t<\/div>\n\t\t\t\t<\/div>\n\t\t<div class=\"elementor-element elementor-element-f75d3a9 e-flex e-con-boxed wpr-particle-no wpr-jarallax-no wpr-parallax-no wpr-sticky-section-no e-con e-child\" data-id=\"f75d3a9\" data-element_type=\"container\">\n\t\t\t\t\t<div class=\"e-con-inner\">\n\t\t\t\t<div class=\"elementor-element elementor-element-7e8f6a4 elementor-widget elementor-widget-google_maps\" data-id=\"7e8f6a4\" data-element_type=\"widget\" data-widget_type=\"google_maps.default\">\n\t\t\t\t<div class=\"elementor-widget-container\">\n\t\t\t\t\t<div class=\"elementor-custom-embed\">\n\t\t\t<iframe loading=\"lazy\"\n\t\t\t\t\tsrc=\"https:\/\/maps.google.com\/maps?q=Markneukirchner%20Str.%2011%2C%2008626%20Adorf&#038;t=m&#038;z=10&#038;output=embed&#038;iwloc=near\"\n\t\t\t\t\ttitle=\"Markneukirchner Str. 11, 08626 Adorf\"\n\t\t\t\t\taria-label=\"Markneukirchner Str. 11, 08626 Adorf\"\n\t\t\t><\/iframe>\n\t\t<\/div>\n\t\t\t\t<\/div>\n\t\t\t\t<\/div>\n\t\t\t\t\t<\/div>\n\t\t\t\t<\/div>\n\t\t\t\t<\/div>\n\t\t\t\t\t<\/div>\n\t\t\t\t<\/div>\n\t\t<div class=\"elementor-element elementor-element-33536bc e-flex e-con-boxed wpr-particle-no wpr-jarallax-no wpr-parallax-no wpr-sticky-section-no e-con e-parent\" data-id=\"33536bc\" data-element_type=\"container\">\n\t\t\t\t\t<div class=\"e-con-inner\">\n\t\t\t\t\t<\/div>\n\t\t\t\t<\/div>\n\t\t\t\t<\/div>\n\t\t","protected":false},"excerpt":{"rendered":"<p>Herzlich Willkommen bei der MD-Bau GmbH Ihr Team der MD-Bau GmbH verwirklicht nicht nur Ideen, sondern setzt qualitativ hohe Ma\u00dfst\u00e4be um Ihren W\u00fcnschen gerecht zu werden. Bei uns bekommen\u00a0sie alles, was Sie f\u00fcr den Innen- und Au\u00dfenbereich brauchen.\u00a0 Umfangreiches Anregungsmaterial f\u00fcr die Gestaltung des Wand-, Boden- und Treppenbereiches finden Sie in unserer gro\u00dfen Ausstellung. Ganz neu in unserem Sortiment haben wir L\u00f6sungen f\u00fcr den Sonnen- und Insektenschutz! Wir beraten Sie gern. Wir w\u00fcrden uns freuen Sie bald in unseren R\u00e4umen begr\u00fc\u00dfen zu d\u00fcrfen. Ihr Team der MD-Bau GmbH<\/p>\n","protected":false},"author":1,"featured_media":0,"parent":0,"menu_order":0,"comment_status":"closed","ping_status":"closed","template":"","meta":{"footnotes":""},"class_list":["post-20","page","type-page","status-publish","hentry"],"yoast_head":"<!-- This site is optimized with the Yoast SEO plugin v24.0 - https:\/\/yoast.com\/wordpress\/plugins\/seo\/ -->\n<title>Startseite - MD Bau GmbH<\/title>\n<meta name=\"robots\" content=\"index, follow, max-snippet:-1, max-image-preview:large, max-video-preview:-1\" \/>\n<link rel=\"canonical\" href=\"https:\/\/m-d-bau.com\/\" \/>\n<meta property=\"og:locale\" content=\"de_DE\" \/>\n<meta property=\"og:type\" content=\"article\" \/>\n<meta property=\"og:title\" content=\"Startseite - MD Bau GmbH\" \/>\n<meta property=\"og:description\" content=\"Herzlich Willkommen bei der MD-Bau GmbH Ihr Team der MD-Bau GmbH verwirklicht nicht nur Ideen, sondern setzt qualitativ hohe Ma\u00dfst\u00e4be um Ihren W\u00fcnschen gerecht zu werden. Bei uns bekommen\u00a0sie alles, was Sie f\u00fcr den Innen- und Au\u00dfenbereich brauchen.\u00a0 Umfangreiches Anregungsmaterial f\u00fcr die Gestaltung des Wand-, Boden- und Treppenbereiches finden Sie in unserer gro\u00dfen Ausstellung. Ganz neu in unserem Sortiment haben wir L\u00f6sungen f\u00fcr den Sonnen- und Insektenschutz! Wir beraten Sie gern. Wir w\u00fcrden uns freuen Sie bald in unseren R\u00e4umen begr\u00fc\u00dfen zu d\u00fcrfen. Ihr Team der MD-Bau GmbH\" \/>\n<meta property=\"og:url\" content=\"https:\/\/m-d-bau.com\/\" \/>\n<meta property=\"og:site_name\" content=\"MD Bau GmbH\" \/>\n<meta property=\"article:modified_time\" content=\"2024-03-27T08:36:37+00:00\" \/>\n<meta property=\"og:image\" content=\"https:\/\/m-d-bau.com\/wp-content\/uploads\/2024\/03\/MDBAU-2023-01-1024x431.png\" \/>\n<meta name=\"twitter:card\" content=\"summary_large_image\" \/>\n<meta name=\"twitter:label1\" content=\"Gesch\u00e4tzte Lesezeit\" \/>\n\t<meta name=\"twitter:data1\" content=\"1\u00a0Minute\" \/>\n<script type=\"application\/ld+json\" class=\"yoast-schema-graph\">{\"@context\":\"https:\/\/schema.org\",\"@graph\":[{\"@type\":\"WebPage\",\"@id\":\"https:\/\/m-d-bau.com\/\",\"url\":\"https:\/\/m-d-bau.com\/\",\"name\":\"Startseite - MD Bau GmbH\",\"isPartOf\":{\"@id\":\"https:\/\/m-d-bau.com\/#website\"},\"primaryImageOfPage\":{\"@id\":\"https:\/\/m-d-bau.com\/#primaryimage\"},\"image\":{\"@id\":\"https:\/\/m-d-bau.com\/#primaryimage\"},\"thumbnailUrl\":\"https:\/\/m-d-bau.com\/wp-content\/uploads\/2024\/03\/MDBAU-2023-01-1024x431.png\",\"datePublished\":\"2024-03-27T08:32:33+00:00\",\"dateModified\":\"2024-03-27T08:36:37+00:00\",\"breadcrumb\":{\"@id\":\"https:\/\/m-d-bau.com\/#breadcrumb\"},\"inLanguage\":\"de\",\"potentialAction\":[{\"@type\":\"ReadAction\",\"target\":[\"https:\/\/m-d-bau.com\/\"]}]},{\"@type\":\"ImageObject\",\"inLanguage\":\"de\",\"@id\":\"https:\/\/m-d-bau.com\/#primaryimage\",\"url\":\"https:\/\/m-d-bau.com\/wp-content\/uploads\/2024\/03\/MDBAU-2023-01.png\",\"contentUrl\":\"https:\/\/m-d-bau.com\/wp-content\/uploads\/2024\/03\/MDBAU-2023-01.png\",\"width\":2697,\"height\":1136},{\"@type\":\"BreadcrumbList\",\"@id\":\"https:\/\/m-d-bau.com\/#breadcrumb\",\"itemListElement\":[{\"@type\":\"ListItem\",\"position\":1,\"name\":\"Startseite\",\"item\":\"https:\/\/m-d-bau.com\/\"},{\"@type\":\"ListItem\",\"position\":2,\"name\":\"Startseite\"}]},{\"@type\":\"WebSite\",\"@id\":\"https:\/\/m-d-bau.com\/#website\",\"url\":\"https:\/\/m-d-bau.com\/\",\"name\":\"MD Bau GmbH\",\"description\":\"Ihr Partner f\u00fcr Sonnenschutz im Vogtland\",\"publisher\":{\"@id\":\"https:\/\/m-d-bau.com\/#organization\"},\"potentialAction\":[{\"@type\":\"SearchAction\",\"target\":{\"@type\":\"EntryPoint\",\"urlTemplate\":\"https:\/\/m-d-bau.com\/?s={search_term_string}\"},\"query-input\":{\"@type\":\"PropertyValueSpecification\",\"valueRequired\":true,\"valueName\":\"search_term_string\"}}],\"inLanguage\":\"de\"},{\"@type\":\"Organization\",\"@id\":\"https:\/\/m-d-bau.com\/#organization\",\"name\":\"MD Bau GmbH\",\"url\":\"https:\/\/m-d-bau.com\/\",\"logo\":{\"@type\":\"ImageObject\",\"inLanguage\":\"de\",\"@id\":\"https:\/\/m-d-bau.com\/#\/schema\/logo\/image\/\",\"url\":\"https:\/\/m-d-bau.com\/wp-content\/uploads\/2024\/03\/MDBAU-2023-01.png\",\"contentUrl\":\"https:\/\/m-d-bau.com\/wp-content\/uploads\/2024\/03\/MDBAU-2023-01.png\",\"width\":2697,\"height\":1136,\"caption\":\"MD Bau GmbH\"},\"image\":{\"@id\":\"https:\/\/m-d-bau.com\/#\/schema\/logo\/image\/\"}}]}<\/script>\n<!-- \/ Yoast SEO plugin. -->","yoast_head_json":{"title":"Startseite - MD Bau GmbH","robots":{"index":"index","follow":"follow","max-snippet":"max-snippet:-1","max-image-preview":"max-image-preview:large","max-video-preview":"max-video-preview:-1"},"canonical":"https:\/\/m-d-bau.com\/","og_locale":"de_DE","og_type":"article","og_title":"Startseite - MD Bau GmbH","og_description":"Herzlich Willkommen bei der MD-Bau GmbH Ihr Team der MD-Bau GmbH verwirklicht nicht nur Ideen, sondern setzt qualitativ hohe Ma\u00dfst\u00e4be um Ihren W\u00fcnschen gerecht zu werden. Bei uns bekommen\u00a0sie alles, was Sie f\u00fcr den Innen- und Au\u00dfenbereich brauchen.\u00a0 Umfangreiches Anregungsmaterial f\u00fcr die Gestaltung des Wand-, Boden- und Treppenbereiches finden Sie in unserer gro\u00dfen Ausstellung. Ganz neu in unserem Sortiment haben wir L\u00f6sungen f\u00fcr den Sonnen- und Insektenschutz! Wir beraten Sie gern. Wir w\u00fcrden uns freuen Sie bald in unseren R\u00e4umen begr\u00fc\u00dfen zu d\u00fcrfen. Ihr Team der MD-Bau GmbH","og_url":"https:\/\/m-d-bau.com\/","og_site_name":"MD Bau GmbH","article_modified_time":"2024-03-27T08:36:37+00:00","og_image":[{"url":"https:\/\/m-d-bau.com\/wp-content\/uploads\/2024\/03\/MDBAU-2023-01-1024x431.png","type":"","width":"","height":""}],"twitter_card":"summary_large_image","twitter_misc":{"Gesch\u00e4tzte Lesezeit":"1\u00a0Minute"},"schema":{"@context":"https:\/\/schema.org","@graph":[{"@type":"WebPage","@id":"https:\/\/m-d-bau.com\/","url":"https:\/\/m-d-bau.com\/","name":"Startseite - MD Bau GmbH","isPartOf":{"@id":"https:\/\/m-d-bau.com\/#website"},"primaryImageOfPage":{"@id":"https:\/\/m-d-bau.com\/#primaryimage"},"image":{"@id":"https:\/\/m-d-bau.com\/#primaryimage"},"thumbnailUrl":"https:\/\/m-d-bau.com\/wp-content\/uploads\/2024\/03\/MDBAU-2023-01-1024x431.png","datePublished":"2024-03-27T08:32:33+00:00","dateModified":"2024-03-27T08:36:37+00:00","breadcrumb":{"@id":"https:\/\/m-d-bau.com\/#breadcrumb"},"inLanguage":"de","potentialAction":[{"@type":"ReadAction","target":["https:\/\/m-d-bau.com\/"]}]},{"@type":"ImageObject","inLanguage":"de","@id":"https:\/\/m-d-bau.com\/#primaryimage","url":"https:\/\/m-d-bau.com\/wp-content\/uploads\/2024\/03\/MDBAU-2023-01.png","contentUrl":"https:\/\/m-d-bau.com\/wp-content\/uploads\/2024\/03\/MDBAU-2023-01.png","width":2697,"height":1136},{"@type":"BreadcrumbList","@id":"https:\/\/m-d-bau.com\/#breadcrumb","itemListElement":[{"@type":"ListItem","position":1,"name":"Startseite","item":"https:\/\/m-d-bau.com\/"},{"@type":"ListItem","position":2,"name":"Startseite"}]},{"@type":"WebSite","@id":"https:\/\/m-d-bau.com\/#website","url":"https:\/\/m-d-bau.com\/","name":"MD Bau GmbH","description":"Ihr Partner f\u00fcr Sonnenschutz im Vogtland","publisher":{"@id":"https:\/\/m-d-bau.com\/#organization"},"potentialAction":[{"@type":"SearchAction","target":{"@type":"EntryPoint","urlTemplate":"https:\/\/m-d-bau.com\/?s={search_term_string}"},"query-input":{"@type":"PropertyValueSpecification","valueRequired":true,"valueName":"search_term_string"}}],"inLanguage":"de"},{"@type":"Organization","@id":"https:\/\/m-d-bau.com\/#organization","name":"MD Bau GmbH","url":"https:\/\/m-d-bau.com\/","logo":{"@type":"ImageObject","inLanguage":"de","@id":"https:\/\/m-d-bau.com\/#\/schema\/logo\/image\/","url":"https:\/\/m-d-bau.com\/wp-content\/uploads\/2024\/03\/MDBAU-2023-01.png","contentUrl":"https:\/\/m-d-bau.com\/wp-content\/uploads\/2024\/03\/MDBAU-2023-01.png","width":2697,"height":1136,"caption":"MD Bau GmbH"},"image":{"@id":"https:\/\/m-d-bau.com\/#\/schema\/logo\/image\/"}}]}},"acf":[],"_links":{"self":[{"href":"https:\/\/m-d-bau.com\/index.php\/wp-json\/wp\/v2\/pages\/20","targetHints":{"allow":["GET"]}}],"collection":[{"href":"https:\/\/m-d-bau.com\/index.php\/wp-json\/wp\/v2\/pages"}],"about":[{"href":"https:\/\/m-d-bau.com\/index.php\/wp-json\/wp\/v2\/types\/page"}],"author":[{"embeddable":true,"href":"https:\/\/m-d-bau.com\/index.php\/wp-json\/wp\/v2\/users\/1"}],"replies":[{"embeddable":true,"href":"https:\/\/m-d-bau.com\/index.php\/wp-json\/wp\/v2\/comments?post=20"}],"version-history":[{"count":6,"href":"https:\/\/m-d-bau.com\/index.php\/wp-json\/wp\/v2\/pages\/20\/revisions"}],"predecessor-version":[{"id":26,"href":"https:\/\/m-d-bau.com\/index.php\/wp-json\/wp\/v2\/pages\/20\/revisions\/26"}],"wp:attachment":[{"href":"https:\/\/m-d-bau.com\/index.php\/wp-json\/wp\/v2\/media?parent=20"}],"curies":[{"name":"wp","href":"https:\/\/api.w.org\/{rel}","templated":true}]}}